{"id":14629,"date":"2022-04-06T14:58:00","date_gmt":"2022-04-06T12:58:00","guid":{"rendered":"https:\/\/www.iranianfilmfestival.ch\/mission\/"},"modified":"2024-08-18T21:13:33","modified_gmt":"2024-08-18T19:13:33","slug":"mission","status":"publish","type":"page","link":"https:\/\/www.iranianfilmfestival.ch\/de\/mission\/","title":{"rendered":"Mission"},"content":{"rendered":"\t\t<div data-elementor-type=\"wp-page\" data-elementor-id=\"14629\" class=\"elementor elementor-14629 elementor-6959\" data-elementor-post-type=\"page\">\n\t\t\t\t\t\t<section class=\"elementor-section elementor-top-section elementor-element elementor-element-59856ea elementor-section-boxed elementor-section-height-default elementor-section-height-default\" data-id=\"59856ea\" data-element_type=\"section\" data-e-type=\"section\" data-settings=\"{&quot;jet_parallax_layout_list&quot;:[{&quot;_id&quot;:&quot;2a88287&quot;,&quot;jet_parallax_layout_image&quot;:{&quot;url&quot;:&quot;&quot;,&quot;id&quot;:&quot;&quot;,&quot;size&quot;:&quot;&quot;},&quot;jet_parallax_layout_image_tablet&quot;:{&quot;url&quot;:&quot;&quot;,&quot;id&quot;:&quot;&quot;,&quot;size&quot;:&quot;&quot;},&quot;jet_parallax_layout_image_mobile&quot;:{&quot;url&quot;:&quot;&quot;,&quot;id&quot;:&quot;&quot;,&quot;size&quot;:&quot;&quot;},&quot;jet_parallax_layout_speed&quot;:{&quot;unit&quot;:&quot;%&quot;,&quot;size&quot;:50,&quot;sizes&quot;:[]},&quot;jet_parallax_layout_type&quot;:&quot;scroll&quot;,&quot;jet_parallax_layout_direction&quot;:null,&quot;jet_parallax_layout_fx_direction&quot;:null,&quot;jet_parallax_layout_z_index&quot;:&quot;&quot;,&quot;jet_parallax_layout_bg_x&quot;:50,&quot;jet_parallax_layout_bg_x_tablet&quot;:&quot;&quot;,&quot;jet_parallax_layout_bg_x_mobile&quot;:&quot;&quot;,&quot;jet_parallax_layout_bg_y&quot;:50,&quot;jet_parallax_layout_bg_y_tablet&quot;:&quot;&quot;,&quot;jet_parallax_layout_bg_y_mobile&quot;:&quot;&quot;,&quot;jet_parallax_layout_bg_size&quot;:&quot;auto&quot;,&quot;jet_parallax_layout_bg_size_tablet&quot;:&quot;&quot;,&quot;jet_parallax_layout_bg_size_mobile&quot;:&quot;&quot;,&quot;jet_parallax_layout_animation_prop&quot;:&quot;transform&quot;,&quot;jet_parallax_layout_on&quot;:[&quot;desktop&quot;,&quot;tablet&quot;]}]}\">\n\t\t\t\t\t\t<div class=\"elementor-container elementor-column-gap-default\">\n\t\t\t\t\t<div class=\"elementor-column elementor-col-100 elementor-top-column elementor-element elementor-element-a0dd586\" data-id=\"a0dd586\" data-element_type=\"column\" data-e-type=\"column\" data-settings=\"{&quot;background_background&quot;:&quot;classic&quot;}\">\n\t\t\t<div class=\"elementor-widget-wrap elementor-element-populated\">\n\t\t\t\t\t\t<div class=\"elementor-element elementor-element-061327a elementor-widget elementor-widget-heading\" data-id=\"061327a\" data-element_type=\"widget\" data-e-type=\"widget\" data-widget_type=\"heading.default\">\n\t\t\t\t<div class=\"elementor-widget-container\">\n\t\t\t\t\t<h2 class=\"elementor-heading-title elementor-size-default\">Unsere Mission mit dem IFFZ<\/h2>\t\t\t\t<\/div>\n\t\t\t\t<\/div>\n\t\t\t\t<div class=\"elementor-element elementor-element-e8eb5a1 elementor-widget elementor-widget-spacer\" data-id=\"e8eb5a1\" data-element_type=\"widget\" data-e-type=\"widget\" data-widget_type=\"spacer.default\">\n\t\t\t\t<div class=\"elementor-widget-container\">\n\t\t\t\t\t\t\t<div class=\"elementor-spacer\">\n\t\t\t<div class=\"elementor-spacer-inner\"><\/div>\n\t\t<\/div>\n\t\t\t\t\t\t<\/div>\n\t\t\t\t<\/div>\n\t\t\t\t<div class=\"elementor-element elementor-element-b5d3641 elementor-widget elementor-widget-text-editor\" data-id=\"b5d3641\" data-element_type=\"widget\" data-e-type=\"widget\" data-widget_type=\"text-editor.default\">\n\t\t\t\t<div class=\"elementor-widget-container\">\n\t\t\t\t\t\t\t\t\t<p>Das Iranische Filmfestival Z\u00fcrich (IFFZ) wird organisiert, um die kulturelle Kluft zwischen Iranern und Schweizern sowie den anderen in der Schweiz lebenden Nationalit\u00e4ten zu schlie\u00dfen. Jedes Jahr pr\u00e4sentiert das Festival dem Schweizer Publikum eine Auswahl der besten zeitgen\u00f6ssischen Spiel-, Spiel- und Dokumentarfilme aus allen Generationen iranischer Filmemacher in Z\u00fcrich.<\/p>\n<p>Das IFFZ versteht sich als Plattform, um die iranische Kultur und Tradition zu pr\u00e4sentieren und mit Hilfe der universellen Sprache der Kunst &#8211; insbesondere der siebten Kunst, dem Kino &#8211; eine Br\u00fccke zwischen den Kulturen zu schlagen.<\/p>\n\t\t\t\t\t\t\t\t<\/div>\n\t\t\t\t<\/div>\n\t\t\t\t<div class=\"elementor-element elementor-element-78482cd elementor-widget elementor-widget-image\" data-id=\"78482cd\" data-element_type=\"widget\" data-e-type=\"widget\" data-widget_type=\"image.default\">\n\t\t\t\t<div class=\"elementor-widget-container\">\n\t\t\t\t\t\t\t\t\t\t\t\t\t\t\t<img decoding=\"async\" width=\"180\" height=\"180\" src=\"https:\/\/www.iranianfilmfestival.ch\/wp-content\/uploads\/2020\/05\/bridge-1.png\" class=\"attachment-full size-full wp-image-7391\" alt=\"\" srcset=\"https:\/\/www.iranianfilmfestival.ch\/wp-content\/uploads\/2020\/05\/bridge-1.png 180w, https:\/\/www.iranianfilmfestival.ch\/wp-content\/uploads\/2020\/05\/bridge-1-150x150.png 150w, https:\/\/www.iranianfilmfestival.ch\/wp-content\/uploads\/2020\/05\/bridge-1-65x65.png 65w\" sizes=\"(max-width: 180px) 100vw, 180px\" \/>\t\t\t\t\t\t\t\t\t\t\t\t\t\t\t<\/div>\n\t\t\t\t<\/div>\n\t\t\t\t\t<\/div>\n\t\t<\/div>\n\t\t\t\t\t<\/div>\n\t\t<\/section>\n\t\t\t\t<\/div>\n\t\t","protected":false},"excerpt":{"rendered":"<p>Unsere Mission mit dem IFFZ Das Iranische Filmfestival Z\u00fcrich (IFFZ) wird organisiert, um die kulturelle Kluft zwischen Iranern und Schweizern sowie den anderen in der Schweiz lebenden Nationalit\u00e4ten zu schlie\u00dfen. Jedes Jahr pr\u00e4sentiert das Festival dem Schweizer Publikum eine Auswahl der besten zeitgen\u00f6ssischen Spiel-, Spiel- und Dokumentarfilme aus allen Generationen iranischer Filmemacher in Z\u00fcrich. Das [&hellip;]<\/p>\n","protected":false},"author":1,"featured_media":14630,"parent":0,"menu_order":19,"comment_status":"closed","ping_status":"closed","template":"","meta":{"footnotes":""},"class_list":["post-14629","page","type-page","status-publish","has-post-thumbnail","hentry"],"_links":{"self":[{"href":"https:\/\/www.iranianfilmfestival.ch\/de\/wp-json\/wp\/v2\/pages\/14629","targetHints":{"allow":["GET"]}}],"collection":[{"href":"https:\/\/www.iranianfilmfestival.ch\/de\/wp-json\/wp\/v2\/pages"}],"about":[{"href":"https:\/\/www.iranianfilmfestival.ch\/de\/wp-json\/wp\/v2\/types\/page"}],"author":[{"embeddable":true,"href":"https:\/\/www.iranianfilmfestival.ch\/de\/wp-json\/wp\/v2\/users\/1"}],"replies":[{"embeddable":true,"href":"https:\/\/www.iranianfilmfestival.ch\/de\/wp-json\/wp\/v2\/comments?post=14629"}],"version-history":[{"count":7,"href":"https:\/\/www.iranianfilmfestival.ch\/de\/wp-json\/wp\/v2\/pages\/14629\/revisions"}],"predecessor-version":[{"id":18648,"href":"https:\/\/www.iranianfilmfestival.ch\/de\/wp-json\/wp\/v2\/pages\/14629\/revisions\/18648"}],"wp:featuredmedia":[{"embeddable":true,"href":"https:\/\/www.iranianfilmfestival.ch\/de\/wp-json\/wp\/v2\/media\/14630"}],"wp:attachment":[{"href":"https:\/\/www.iranianfilmfestival.ch\/de\/wp-json\/wp\/v2\/media?parent=14629"}],"curies":[{"name":"wp","href":"https:\/\/api.w.org\/{rel}","templated":true}]}}