{"id":14636,"date":"2022-04-06T14:59:40","date_gmt":"2022-04-06T12:59:40","guid":{"rendered":"https:\/\/www.iranianfilmfestival.ch\/making-of\/"},"modified":"2024-08-18T20:31:18","modified_gmt":"2024-08-18T18:31:18","slug":"making-of","status":"publish","type":"page","link":"https:\/\/www.iranianfilmfestival.ch\/de\/making-of\/","title":{"rendered":"Making of"},"content":{"rendered":"\t\t<div data-elementor-type=\"wp-page\" data-elementor-id=\"14636\" class=\"elementor elementor-14636 elementor-6946\" data-elementor-post-type=\"page\">\n\t\t\t\t\t\t<section class=\"elementor-section elementor-top-section elementor-element elementor-element-fdfe0f2 elementor-section-boxed elementor-section-height-default elementor-section-height-default\" data-id=\"fdfe0f2\" data-element_type=\"section\" data-e-type=\"section\" data-settings=\"{&quot;jet_parallax_layout_list&quot;:[{&quot;_id&quot;:&quot;2a88287&quot;,&quot;jet_parallax_layout_image&quot;:{&quot;url&quot;:&quot;&quot;,&quot;id&quot;:&quot;&quot;,&quot;size&quot;:&quot;&quot;},&quot;jet_parallax_layout_image_tablet&quot;:{&quot;url&quot;:&quot;&quot;,&quot;id&quot;:&quot;&quot;,&quot;size&quot;:&quot;&quot;},&quot;jet_parallax_layout_image_mobile&quot;:{&quot;url&quot;:&quot;&quot;,&quot;id&quot;:&quot;&quot;,&quot;size&quot;:&quot;&quot;},&quot;jet_parallax_layout_speed&quot;:{&quot;unit&quot;:&quot;%&quot;,&quot;size&quot;:50,&quot;sizes&quot;:[]},&quot;jet_parallax_layout_type&quot;:&quot;scroll&quot;,&quot;jet_parallax_layout_direction&quot;:null,&quot;jet_parallax_layout_fx_direction&quot;:null,&quot;jet_parallax_layout_z_index&quot;:&quot;&quot;,&quot;jet_parallax_layout_bg_x&quot;:50,&quot;jet_parallax_layout_bg_x_tablet&quot;:&quot;&quot;,&quot;jet_parallax_layout_bg_x_mobile&quot;:&quot;&quot;,&quot;jet_parallax_layout_bg_y&quot;:50,&quot;jet_parallax_layout_bg_y_tablet&quot;:&quot;&quot;,&quot;jet_parallax_layout_bg_y_mobile&quot;:&quot;&quot;,&quot;jet_parallax_layout_bg_size&quot;:&quot;auto&quot;,&quot;jet_parallax_layout_bg_size_tablet&quot;:&quot;&quot;,&quot;jet_parallax_layout_bg_size_mobile&quot;:&quot;&quot;,&quot;jet_parallax_layout_animation_prop&quot;:&quot;transform&quot;,&quot;jet_parallax_layout_on&quot;:[&quot;desktop&quot;,&quot;tablet&quot;]}]}\">\n\t\t\t\t\t\t<div class=\"elementor-container elementor-column-gap-default\">\n\t\t\t\t\t<div class=\"elementor-column elementor-col-100 elementor-top-column elementor-element elementor-element-e51b844\" data-id=\"e51b844\" data-element_type=\"column\" data-e-type=\"column\" data-settings=\"{&quot;background_background&quot;:&quot;classic&quot;}\">\n\t\t\t<div class=\"elementor-widget-wrap elementor-element-populated\">\n\t\t\t\t\t\t<section class=\"elementor-section elementor-inner-section elementor-element elementor-element-e3af2ef elementor-section-boxed elementor-section-height-default elementor-section-height-default\" data-id=\"e3af2ef\" data-element_type=\"section\" data-e-type=\"section\" data-settings=\"{&quot;jet_parallax_layout_list&quot;:[{&quot;jet_parallax_layout_image&quot;:{&quot;url&quot;:&quot;&quot;,&quot;id&quot;:&quot;&quot;,&quot;size&quot;:&quot;&quot;},&quot;_id&quot;:&quot;c09f99e&quot;,&quot;jet_parallax_layout_image_tablet&quot;:{&quot;url&quot;:&quot;&quot;,&quot;id&quot;:&quot;&quot;,&quot;size&quot;:&quot;&quot;},&quot;jet_parallax_layout_image_mobile&quot;:{&quot;url&quot;:&quot;&quot;,&quot;id&quot;:&quot;&quot;,&quot;size&quot;:&quot;&quot;},&quot;jet_parallax_layout_speed&quot;:{&quot;unit&quot;:&quot;%&quot;,&quot;size&quot;:50,&quot;sizes&quot;:[]},&quot;jet_parallax_layout_type&quot;:&quot;scroll&quot;,&quot;jet_parallax_layout_direction&quot;:null,&quot;jet_parallax_layout_fx_direction&quot;:null,&quot;jet_parallax_layout_z_index&quot;:&quot;&quot;,&quot;jet_parallax_layout_bg_x&quot;:50,&quot;jet_parallax_layout_bg_x_tablet&quot;:&quot;&quot;,&quot;jet_parallax_layout_bg_x_mobile&quot;:&quot;&quot;,&quot;jet_parallax_layout_bg_y&quot;:50,&quot;jet_parallax_layout_bg_y_tablet&quot;:&quot;&quot;,&quot;jet_parallax_layout_bg_y_mobile&quot;:&quot;&quot;,&quot;jet_parallax_layout_bg_size&quot;:&quot;auto&quot;,&quot;jet_parallax_layout_bg_size_tablet&quot;:&quot;&quot;,&quot;jet_parallax_layout_bg_size_mobile&quot;:&quot;&quot;,&quot;jet_parallax_layout_animation_prop&quot;:&quot;transform&quot;,&quot;jet_parallax_layout_on&quot;:[&quot;desktop&quot;,&quot;tablet&quot;]}]}\">\n\t\t\t\t\t\t<div class=\"elementor-container elementor-column-gap-default\">\n\t\t\t\t\t<div class=\"elementor-column elementor-col-50 elementor-inner-column elementor-element elementor-element-db08f96\" data-id=\"db08f96\" data-element_type=\"column\" data-e-type=\"column\">\n\t\t\t<div class=\"elementor-widget-wrap elementor-element-populated\">\n\t\t\t\t\t\t<div class=\"elementor-element elementor-element-6ad2b76 elementor-widget elementor-widget-heading\" data-id=\"6ad2b76\" data-element_type=\"widget\" data-e-type=\"widget\" data-widget_type=\"heading.default\">\n\t\t\t\t<div class=\"elementor-widget-container\">\n\t\t\t\t\t<h2 class=\"elementor-heading-title elementor-size-default\">Die IFFZ Troph\u00e4e<\/h2>\t\t\t\t<\/div>\n\t\t\t\t<\/div>\n\t\t\t\t<div class=\"elementor-element elementor-element-031e977 elementor-widget elementor-widget-image\" data-id=\"031e977\" data-element_type=\"widget\" data-e-type=\"widget\" data-widget_type=\"image.default\">\n\t\t\t\t<div class=\"elementor-widget-container\">\n\t\t\t\t\t\t\t\t\t\t\t\t\t\t\t<img decoding=\"async\" width=\"150\" height=\"150\" src=\"https:\/\/www.iranianfilmfestival.ch\/wp-content\/uploads\/2022\/04\/ehsan-150x150.png\" class=\"attachment-thumbnail size-thumbnail wp-image-14638\" alt=\"\" \/>\t\t\t\t\t\t\t\t\t\t\t\t\t\t\t<\/div>\n\t\t\t\t<\/div>\n\t\t\t\t<div class=\"elementor-element elementor-element-fe1601c elementor-widget elementor-widget-text-editor\" data-id=\"fe1601c\" data-element_type=\"widget\" data-e-type=\"widget\" data-widget_type=\"text-editor.default\">\n\t\t\t\t<div class=\"elementor-widget-container\">\n\t\t\t\t\t\t\t\t\t<p>Ehsan Tabasi<\/p>\n\t\t\t\t\t\t\t\t<\/div>\n\t\t\t\t<\/div>\n\t\t\t\t<div class=\"elementor-element elementor-element-500edbc elementor-widget elementor-widget-text-editor\" data-id=\"500edbc\" data-element_type=\"widget\" data-e-type=\"widget\" data-widget_type=\"text-editor.default\">\n\t\t\t\t<div class=\"elementor-widget-container\">\n\t\t\t\t\t\t\t\t\t<p>Ehsan Tabasi wurde im M\u00e4rz 1984 geboren. Er schuf die Goldene Cyrus-Zylinder-Troph\u00e4e, indem er die exakte Kopie verwendete, die im Hauptquartier der Vereinten Nationen zu finden ist. Er lebt in Teheran, wo er seine Arbeit als Troph\u00e4en- und Medaillenmacher f\u00fcr nationale und internationale Unternehmen fortsetzt.<\/p>\n\t\t\t\t\t\t\t\t<\/div>\n\t\t\t\t<\/div>\n\t\t\t\t<div class=\"elementor-element elementor-element-965878c elementor-drop-cap-yes elementor-drop-cap-view-default elementor-widget elementor-widget-text-editor\" data-id=\"965878c\" data-element_type=\"widget\" data-e-type=\"widget\" data-settings=\"{&quot;drop_cap&quot;:&quot;yes&quot;}\" data-widget_type=\"text-editor.default\">\n\t\t\t\t<div class=\"elementor-widget-container\">\n\t\t\t\t\t\t\t\t\t<p>Der Cyrus-Zylinder, der als erste Erkl\u00e4rung der Menschenrechte bekannt ist, enth\u00e4lt einen Text in babylonischer Keilschrift. Er handelt von Cyrus, dem K\u00f6nig von Persien (559 &#8211; 530 v. Chr.), und seiner Eroberung Babylons im Jahr 539 v. Chr. Mit dieser Erkl\u00e4rung schlug Cyrus eine freundschaftliche Br\u00fccke zwischen den V\u00f6lkern Babylons und Persiens. Die Inschrift auf dem Zylinder spricht davon, dass Cyrus die religi\u00f6se, rassische und sprachliche Freiheit f\u00f6rderte und den von den Babyloniern deportierten Menschen die R\u00fcckkehr in ihre Heimat erlaubte. Sie preist Cyrus als Wohlt\u00e4ter der B\u00fcrger Babyloniens, der ihr Leben verbesserte und Tempel und Kultst\u00e4tten in Mesopotamien und anderswo in der Region restaurierte. Einige Abschnitte des Textes lauten: &#8220;Ich werde niemals zulassen, dass sich jemand mit Gewalt oder ohne Entsch\u00e4digung beweglichen Besitz und Grundbesitz der anderen aneignet. Solange ich lebe, verhindere ich unbezahlte, erzwungene Arbeit. Heute verk\u00fcnde ich, dass jeder die Freiheit hat, eine Religion zu w\u00e4hlen. Es steht den Menschen frei, in allen Regionen zu leben und eine Arbeit anzunehmen, vorausgesetzt, sie verletzen niemals die Rechte anderer.&#8221;<\/p>\n\t\t\t\t\t\t\t\t<\/div>\n\t\t\t\t<\/div>\n\t\t\t\t<div class=\"elementor-element elementor-element-1ca48c3 elementor-hidden-desktop elementor-widget-divider--view-line elementor-widget elementor-widget-divider\" data-id=\"1ca48c3\" data-element_type=\"widget\" data-e-type=\"widget\" data-widget_type=\"divider.default\">\n\t\t\t\t<div class=\"elementor-widget-container\">\n\t\t\t\t\t\t\t<div class=\"elementor-divider\">\n\t\t\t<span class=\"elementor-divider-separator\">\n\t\t\t\t\t\t<\/span>\n\t\t<\/div>\n\t\t\t\t\t\t<\/div>\n\t\t\t\t<\/div>\n\t\t\t\t\t<\/div>\n\t\t<\/div>\n\t\t\t\t<div class=\"elementor-column elementor-col-50 elementor-inner-column elementor-element elementor-element-44eb6e2\" data-id=\"44eb6e2\" data-element_type=\"column\" data-e-type=\"column\">\n\t\t\t<div class=\"elementor-widget-wrap elementor-element-populated\">\n\t\t\t\t\t\t<div class=\"elementor-element elementor-element-a7bc730 elementor-widget elementor-widget-heading\" data-id=\"a7bc730\" data-element_type=\"widget\" data-e-type=\"widget\" data-widget_type=\"heading.default\">\n\t\t\t\t<div class=\"elementor-widget-container\">\n\t\t\t\t\t<h2 class=\"elementor-heading-title elementor-size-default\">Das IFFZ Intro<\/h2>\t\t\t\t<\/div>\n\t\t\t\t<\/div>\n\t\t\t\t<div class=\"elementor-element elementor-element-896c341 elementor-widget elementor-widget-image\" data-id=\"896c341\" data-element_type=\"widget\" data-e-type=\"widget\" data-widget_type=\"image.default\">\n\t\t\t\t<div class=\"elementor-widget-container\">\n\t\t\t\t\t\t\t\t\t\t\t\t\t\t\t<img decoding=\"async\" width=\"150\" height=\"150\" src=\"https:\/\/www.iranianfilmfestival.ch\/wp-content\/uploads\/2022\/04\/sepehr-150x150.png\" class=\"attachment-thumbnail size-thumbnail wp-image-14639\" alt=\"\" \/>\t\t\t\t\t\t\t\t\t\t\t\t\t\t\t<\/div>\n\t\t\t\t<\/div>\n\t\t\t\t<div class=\"elementor-element elementor-element-27e2ad6 elementor-widget elementor-widget-text-editor\" data-id=\"27e2ad6\" data-element_type=\"widget\" data-e-type=\"widget\" data-widget_type=\"text-editor.default\">\n\t\t\t\t<div class=\"elementor-widget-container\">\n\t\t\t\t\t\t\t\t\t<p>Sepehr Ali Mohammad lou<\/p>\n\t\t\t\t\t\t\t\t<\/div>\n\t\t\t\t<\/div>\n\t\t\t\t<div class=\"elementor-element elementor-element-9a390d7 elementor-widget elementor-widget-text-editor\" data-id=\"9a390d7\" data-element_type=\"widget\" data-e-type=\"widget\" data-widget_type=\"text-editor.default\">\n\t\t\t\t<div class=\"elementor-widget-container\">\n\t\t\t\t\t\t\t\t\t<p>Sepehr Ali Mohammad lou wurde am 27. M\u00e4rz 1973 in Teheran geboren. Er erwarb ein Diplom in Grafik und einen B.A. in Philosophie. Er ist Maler und Filmemacher und hatte viele Ausstellungen. Zu seinen Arbeiten im Bereich Animation geh\u00f6rt der Spielfilm &#8220;Tale of Greed&#8221;.<\/p>\n\t\t\t\t\t\t\t\t<\/div>\n\t\t\t\t<\/div>\n\t\t\t\t<div class=\"elementor-element elementor-element-4a22e5e elementor-drop-cap-yes elementor-drop-cap-view-default elementor-widget elementor-widget-text-editor\" data-id=\"4a22e5e\" data-element_type=\"widget\" data-e-type=\"widget\" data-settings=\"{&quot;drop_cap&quot;:&quot;yes&quot;}\" data-widget_type=\"text-editor.default\">\n\t\t\t\t<div class=\"elementor-widget-container\">\n\t\t\t\t\t\t\t\t\t<p>Das Intro des iranischen Filmfestivals ist seine Kreation, die auf einer Geschichte von Yadolah Dodge basiert. &#8220;Weit weg vom Universum wird ein Komet mit einigen weisen Botschaften zum Planeten Erde gelockt. Die Erde war dunkel. Als der Komet die Erde erreichte, kehrte das Licht auf die Erde zur\u00fcck und \u00fcberall wuchsen Pflanzen und Blumen. Der Komet wird der Cyrus-Zylinder genannt.<\/p>\n\t\t\t\t\t\t\t\t<\/div>\n\t\t\t\t<\/div>\n\t\t\t\t\t<\/div>\n\t\t<\/div>\n\t\t\t\t\t<\/div>\n\t\t<\/section>\n\t\t\t\t\t<\/div>\n\t\t<\/div>\n\t\t\t\t\t<\/div>\n\t\t<\/section>\n\t\t\t\t<\/div>\n\t\t","protected":false},"excerpt":{"rendered":"<p>Die IFFZ Troph\u00e4e Ehsan Tabasi Ehsan Tabasi wurde im M\u00e4rz 1984 geboren. Er schuf die Goldene Cyrus-Zylinder-Troph\u00e4e, indem er die exakte Kopie verwendete, die im Hauptquartier der Vereinten Nationen zu finden ist. Er lebt in Teheran, wo er seine Arbeit als Troph\u00e4en- und Medaillenmacher f\u00fcr nationale und internationale Unternehmen fortsetzt. Der Cyrus-Zylinder, der als erste [&hellip;]<\/p>\n","protected":false},"author":1,"featured_media":14637,"parent":0,"menu_order":25,"comment_status":"closed","ping_status":"closed","template":"","meta":{"footnotes":""},"class_list":["post-14636","page","type-page","status-publish","has-post-thumbnail","hentry"],"_links":{"self":[{"href":"https:\/\/www.iranianfilmfestival.ch\/de\/wp-json\/wp\/v2\/pages\/14636","targetHints":{"allow":["GET"]}}],"collection":[{"href":"https:\/\/www.iranianfilmfestival.ch\/de\/wp-json\/wp\/v2\/pages"}],"about":[{"href":"https:\/\/www.iranianfilmfestival.ch\/de\/wp-json\/wp\/v2\/types\/page"}],"author":[{"embeddable":true,"href":"https:\/\/www.iranianfilmfestival.ch\/de\/wp-json\/wp\/v2\/users\/1"}],"replies":[{"embeddable":true,"href":"https:\/\/www.iranianfilmfestival.ch\/de\/wp-json\/wp\/v2\/comments?post=14636"}],"version-history":[{"count":5,"href":"https:\/\/www.iranianfilmfestival.ch\/de\/wp-json\/wp\/v2\/pages\/14636\/revisions"}],"predecessor-version":[{"id":18631,"href":"https:\/\/www.iranianfilmfestival.ch\/de\/wp-json\/wp\/v2\/pages\/14636\/revisions\/18631"}],"wp:featuredmedia":[{"embeddable":true,"href":"https:\/\/www.iranianfilmfestival.ch\/de\/wp-json\/wp\/v2\/media\/14637"}],"wp:attachment":[{"href":"https:\/\/www.iranianfilmfestival.ch\/de\/wp-json\/wp\/v2\/media?parent=14636"}],"curies":[{"name":"wp","href":"https:\/\/api.w.org\/{rel}","templated":true}]}}