{"id":14647,"date":"2022-04-06T15:02:46","date_gmt":"2022-04-06T13:02:46","guid":{"rendered":"https:\/\/www.iranianfilmfestival.ch\/datenschutzbestimmungen\/"},"modified":"2024-08-14T17:20:58","modified_gmt":"2024-08-14T15:20:58","slug":"datenschutzbestimmungen","status":"publish","type":"page","link":"https:\/\/www.iranianfilmfestival.ch\/de\/datenschutzbestimmungen\/","title":{"rendered":"Datenschutz"},"content":{"rendered":"\t\t<div data-elementor-type=\"wp-page\" data-elementor-id=\"14647\" class=\"elementor elementor-14647 elementor-6833\" data-elementor-post-type=\"page\">\n\t\t\t\t\t\t<section class=\"elementor-section elementor-top-section elementor-element elementor-element-217d63f elementor-section-boxed elementor-section-height-default elementor-section-height-default\" data-id=\"217d63f\" data-element_type=\"section\" data-e-type=\"section\" data-settings=\"{&quot;jet_parallax_layout_list&quot;:[{&quot;jet_parallax_layout_image&quot;:{&quot;url&quot;:&quot;&quot;,&quot;id&quot;:&quot;&quot;,&quot;size&quot;:&quot;&quot;},&quot;_id&quot;:&quot;81e10c7&quot;,&quot;jet_parallax_layout_image_tablet&quot;:{&quot;url&quot;:&quot;&quot;,&quot;id&quot;:&quot;&quot;,&quot;size&quot;:&quot;&quot;},&quot;jet_parallax_layout_image_mobile&quot;:{&quot;url&quot;:&quot;&quot;,&quot;id&quot;:&quot;&quot;,&quot;size&quot;:&quot;&quot;},&quot;jet_parallax_layout_speed&quot;:{&quot;unit&quot;:&quot;%&quot;,&quot;size&quot;:50,&quot;sizes&quot;:[]},&quot;jet_parallax_layout_type&quot;:&quot;scroll&quot;,&quot;jet_parallax_layout_direction&quot;:null,&quot;jet_parallax_layout_fx_direction&quot;:null,&quot;jet_parallax_layout_z_index&quot;:&quot;&quot;,&quot;jet_parallax_layout_bg_x&quot;:50,&quot;jet_parallax_layout_bg_x_tablet&quot;:&quot;&quot;,&quot;jet_parallax_layout_bg_x_mobile&quot;:&quot;&quot;,&quot;jet_parallax_layout_bg_y&quot;:50,&quot;jet_parallax_layout_bg_y_tablet&quot;:&quot;&quot;,&quot;jet_parallax_layout_bg_y_mobile&quot;:&quot;&quot;,&quot;jet_parallax_layout_bg_size&quot;:&quot;auto&quot;,&quot;jet_parallax_layout_bg_size_tablet&quot;:&quot;&quot;,&quot;jet_parallax_layout_bg_size_mobile&quot;:&quot;&quot;,&quot;jet_parallax_layout_animation_prop&quot;:&quot;transform&quot;,&quot;jet_parallax_layout_on&quot;:[&quot;desktop&quot;,&quot;tablet&quot;]}]}\">\n\t\t\t\t\t\t<div class=\"elementor-container elementor-column-gap-default\">\n\t\t\t\t\t<div class=\"elementor-column elementor-col-100 elementor-top-column elementor-element elementor-element-2a13620\" data-id=\"2a13620\" data-element_type=\"column\" data-e-type=\"column\">\n\t\t\t<div class=\"elementor-widget-wrap elementor-element-populated\">\n\t\t\t\t\t\t<div class=\"elementor-element elementor-element-672742d elementor-widget elementor-widget-heading\" data-id=\"672742d\" data-element_type=\"widget\" data-e-type=\"widget\" data-widget_type=\"heading.default\">\n\t\t\t\t<div class=\"elementor-widget-container\">\n\t\t\t\t\t<h4 class=\"elementor-heading-title elementor-size-default\">Wir sch\u00e4tzen Ihre Privatsph\u00e4re und das Vertrauen, das Sie in uns setzen.<\/h4>\t\t\t\t<\/div>\n\t\t\t\t<\/div>\n\t\t\t\t\t<\/div>\n\t\t<\/div>\n\t\t\t\t\t<\/div>\n\t\t<\/section>\n\t\t\t\t<section class=\"elementor-section elementor-top-section elementor-element elementor-element-96d00b6 elementor-section-boxed elementor-section-height-default elementor-section-height-default\" data-id=\"96d00b6\" data-element_type=\"section\" data-e-type=\"section\" data-settings=\"{&quot;jet_parallax_layout_list&quot;:[]}\">\n\t\t\t\t\t\t<div class=\"elementor-container elementor-column-gap-default\">\n\t\t\t\t\t<div class=\"elementor-column elementor-col-100 elementor-top-column elementor-element elementor-element-29a1ebb\" data-id=\"29a1ebb\" data-element_type=\"column\" data-e-type=\"column\">\n\t\t\t<div class=\"elementor-widget-wrap elementor-element-populated\">\n\t\t\t\t\t\t<div class=\"elementor-element elementor-element-8f6dd06 elementor-widget elementor-widget-jet-accordion\" data-id=\"8f6dd06\" data-element_type=\"widget\" data-e-type=\"widget\" data-widget_type=\"jet-accordion.default\">\n\t\t\t\t<div class=\"elementor-widget-container\">\n\t\t\t\t\t\t\t<div class=\"jet-accordion\" data-settings=\"{&quot;collapsible&quot;:true,&quot;ajaxTemplate&quot;:true,&quot;switchScrolling&quot;:false,&quot;switchScrollingOffset&quot;:0,&quot;switchScrollingDelay&quot;:500}\">\n\t\t\t<div class=\"jet-accordion__inner\">\n\t\t\t\t<div class=\"jet-accordion__item jet-toggle jet-toggle-move-up-effect active-toggle\">\n\t\t\t\t\t\t\t<div id=\"jet-toggle-control-1501\" class=\"jet-toggle__control elementor-menu-anchor\" data-toggle=\"1\" role=\"button\" tabindex=\"0\" aria-controls=\"jet-toggle-content-1501\" aria-expanded=\"true\" data-template-id=\"false\">\n\t\t\t\t\t\t\t\t<div class=\"jet-toggle__label-text\">1. Unser Bekenntnis zum Datenschutz<\/div>\t\t\t\t\t\t\t<\/div>\n\t\t\t\t\t\t\t<div id=\"jet-toggle-content-1501\" class=\"jet-toggle__content\" data-toggle=\"1\" role=\"region\" data-template-id=\"false\">\n\t\t\t\t\t\t\t\t<div class=\"jet-toggle__content-inner\">Die Privatsph\u00e4re der Mitglieder ist uns wichtig. Um die Privatsph\u00e4re besser zu sch\u00fctzen, stellen wir diesen Hinweis zur Verf\u00fcgung, der unsere Online-Informationspraktiken und die Wahlm\u00f6glichkeiten der Mitglieder hinsichtlich der Art und Weise, wie ihre Daten erfasst und verwendet werden, erl\u00e4utert. Damit dieser Hinweis leicht zu finden ist, stellen wir ihn auf unserer Homepage und an jeder Stelle, an der personenbezogene Daten abgefragt werden, zur Verf\u00fcgung.<\/div>\n\t\t\t\t\t\t\t<\/div>\n\t\t\t\t\t\t<\/div><div class=\"jet-accordion__item jet-toggle jet-toggle-move-up-effect \">\n\t\t\t\t\t\t\t<div id=\"jet-toggle-control-1502\" class=\"jet-toggle__control elementor-menu-anchor\" data-toggle=\"2\" role=\"button\" tabindex=\"0\" aria-controls=\"jet-toggle-content-1502\" aria-expanded=\"false\" data-template-id=\"false\">\n\t\t\t\t\t\t\t\t<div class=\"jet-toggle__label-text\">2. Die von uns gesammelten Informationen<\/div>\t\t\t\t\t\t\t<\/div>\n\t\t\t\t\t\t\t<div id=\"jet-toggle-content-1502\" class=\"jet-toggle__content\" data-toggle=\"2\" role=\"region\" data-template-id=\"false\">\n\t\t\t\t\t\t\t\t<div class=\"jet-toggle__content-inner\">Dieser Hinweis gilt f\u00fcr alle Informationen, die auf der Website des Unternehmens gesammelt oder \u00fcbermittelt werden. Diese Informationen k\u00f6nnen unter anderem folgende sein\r\n&#8211; Name\r\n&#8211; E-Mail Adresse\r\n&#8211; Geburtsdatum\r\n&#8211; Geschlecht\r\n&#8211; IP-Adresse\r\n&#8211; Browser- und Ger\u00e4teinformationen\r\n&#8211; Betrachter-Metriken\r\n&#8211; Kauf- und Zahlungsinformationen<\/div>\n\t\t\t\t\t\t\t<\/div>\n\t\t\t\t\t\t<\/div><div class=\"jet-accordion__item jet-toggle jet-toggle-move-up-effect \">\n\t\t\t\t\t\t\t<div id=\"jet-toggle-control-1503\" class=\"jet-toggle__control elementor-menu-anchor\" data-toggle=\"3\" role=\"button\" tabindex=\"0\" aria-controls=\"jet-toggle-content-1503\" aria-expanded=\"false\" data-template-id=\"false\">\n\t\t\t\t\t\t\t\t<div class=\"jet-toggle__label-text\">3. Die Art und Weise, wie wir Informationen verwenden<\/div>\t\t\t\t\t\t\t<\/div>\n\t\t\t\t\t\t\t<div id=\"jet-toggle-content-1503\" class=\"jet-toggle__content\" data-toggle=\"3\" role=\"region\" data-template-id=\"false\">\n\t\t\t\t\t\t\t\t<div class=\"jet-toggle__content-inner\">Wir verwenden die Informationen, die bei der Anmeldung bei The Company angegeben werden, um das Benutzerprofil zu vervollst\u00e4ndigen. Wir geben diese Informationen nicht an Dritte weiter, es sei denn, dies ist gesetzlich vorgeschrieben oder f\u00fcr den Betrieb dieser Website erforderlich. Die Daten der Mitglieder, wie z.B. E-Mail, Name und Kreditkartendetails, werden nicht \u00f6ffentlich angezeigt.\r\nWir verwenden E-Mail-R\u00fccksendeadressen, um die bei uns eingehenden E-Mails zu beantworten. Diese Adressen werden nicht f\u00fcr andere Zwecke verwendet und werden nicht an Dritte weitergegeben.\r\nWir verwenden nicht-identifizierende und zusammengefasste Informationen, um unsere Website besser zu gestalten und um sie mit Werbekunden zu teilen. Wir k\u00f6nnen beispielsweise einem Werbetreibenden mitteilen, dass X Personen einen bestimmten Bereich unserer Website besucht haben oder dass Y M\u00e4nner und Z Frauen unser Anmeldeformular ausgef\u00fcllt haben, aber wir w\u00fcrden nichts offenlegen, was zur Identifizierung dieser Personen verwendet werden k\u00f6nnte.\r\nSchlie\u00dflich werden wir die uns online zur Verf\u00fcgung gestellten personenbezogenen Daten niemals auf eine andere als die oben beschriebene Weise verwenden oder weitergeben, ohne Ihnen die M\u00f6glichkeit zu geben, sich dagegen zu entscheiden oder eine solche Verwendung zu untersagen.<\/div>\n\t\t\t\t\t\t\t<\/div>\n\t\t\t\t\t\t<\/div><div class=\"jet-accordion__item jet-toggle jet-toggle-move-up-effect \">\n\t\t\t\t\t\t\t<div id=\"jet-toggle-control-1504\" class=\"jet-toggle__control elementor-menu-anchor\" data-toggle=\"4\" role=\"button\" tabindex=\"0\" aria-controls=\"jet-toggle-content-1504\" aria-expanded=\"false\" data-template-id=\"false\">\n\t\t\t\t\t\t\t\t<div class=\"jet-toggle__label-text\">4. Unser Bekenntnis zur Datensicherheit<\/div>\t\t\t\t\t\t\t<\/div>\n\t\t\t\t\t\t\t<div id=\"jet-toggle-content-1504\" class=\"jet-toggle__content\" data-toggle=\"4\" role=\"region\" data-template-id=\"false\">\n\t\t\t\t\t\t\t\t<div class=\"jet-toggle__content-inner\">Um unbefugten Zugriff zu verhindern, die Datengenauigkeit zu erhalten und die korrekte Verwendung der Informationen zu gew\u00e4hrleisten, haben wir geeignete physische, elektronische und verwaltungstechnische Verfahren zum Schutz und zur Sicherung der von uns online erfassten Informationen eingerichtet.<\/div>\n\t\t\t\t\t\t\t<\/div>\n\t\t\t\t\t\t<\/div><div class=\"jet-accordion__item jet-toggle jet-toggle-move-up-effect \">\n\t\t\t\t\t\t\t<div id=\"jet-toggle-control-1505\" class=\"jet-toggle__control elementor-menu-anchor\" data-toggle=\"5\" role=\"button\" tabindex=\"0\" aria-controls=\"jet-toggle-content-1505\" aria-expanded=\"false\" data-template-id=\"false\">\n\t\t\t\t\t\t\t\t<div class=\"jet-toggle__label-text\">5. Technologische Anforderungen<\/div>\t\t\t\t\t\t\t<\/div>\n\t\t\t\t\t\t\t<div id=\"jet-toggle-content-1505\" class=\"jet-toggle__content\" data-toggle=\"5\" role=\"region\" data-template-id=\"false\">\n\t\t\t\t\t\t\t\t<div class=\"jet-toggle__content-inner\">Um unbefugten Zugriff zu verhindern, die Richtigkeit der Daten zu gew\u00e4hrleisten und die korrekte Verwendung der Informationen sicherzustellen, haben wir geeignete physische, elektronische und verwaltungstechnische Verfahren zum Schutz und zur Sicherung der von uns online erfassten Informationen eingerichtet.<\/div>\n\t\t\t\t\t\t\t<\/div>\n\t\t\t\t\t\t<\/div><div class=\"jet-accordion__item jet-toggle jet-toggle-move-up-effect \">\n\t\t\t\t\t\t\t<div id=\"jet-toggle-control-1506\" class=\"jet-toggle__control elementor-menu-anchor\" data-toggle=\"6\" role=\"button\" tabindex=\"0\" aria-controls=\"jet-toggle-content-1506\" aria-expanded=\"false\" data-template-id=\"false\">\n\t\t\t\t\t\t\t\t<div class=\"jet-toggle__label-text\">6. Unser Engagement f\u00fcr den Schutz der Privatsph\u00e4re von Kindern<\/div>\t\t\t\t\t\t\t<\/div>\n\t\t\t\t\t\t\t<div id=\"jet-toggle-content-1506\" class=\"jet-toggle__content\" data-toggle=\"6\" role=\"region\" data-template-id=\"false\">\n\t\t\t\t\t\t\t\t<div class=\"jet-toggle__content-inner\">Der Schutz der Privatsph\u00e4re von Kindern und Jugendlichen ist besonders wichtig. Aus diesem Grund sammeln oder speichern wir auf unserer Website niemals Informationen von Personen, von denen wir wissen, dass sie unter 13 Jahre alt sind, und kein Teil unserer Website ist so aufgebaut, dass er Personen unter 13 Jahren anspricht.<\/div>\n\t\t\t\t\t\t\t<\/div>\n\t\t\t\t\t\t<\/div><div class=\"jet-accordion__item jet-toggle jet-toggle-move-up-effect \">\n\t\t\t\t\t\t\t<div id=\"jet-toggle-control-1507\" class=\"jet-toggle__control elementor-menu-anchor\" data-toggle=\"7\" role=\"button\" tabindex=\"0\" aria-controls=\"jet-toggle-content-1507\" aria-expanded=\"false\" data-template-id=\"false\">\n\t\t\t\t\t\t\t\t<div class=\"jet-toggle__label-text\">7. Wie Sie auf Ihre Informationen zugreifen und sie korrigieren k\u00f6nnen<\/div>\t\t\t\t\t\t\t<\/div>\n\t\t\t\t\t\t\t<div id=\"jet-toggle-content-1507\" class=\"jet-toggle__content\" data-toggle=\"7\" role=\"region\" data-template-id=\"false\">\n\t\t\t\t\t\t\t\t<div class=\"jet-toggle__content-inner\">Mitglieder k\u00f6nnen auf alle personenbezogenen Daten zugreifen, die wir online erfassen und verwalten, indem sie die Seite Kontoeinstellungen besuchen. Wir verwenden dieses Verfahren, um die Informationen der Mitglieder besser zu sch\u00fctzen. Mitglieder k\u00f6nnen sachliche Fehler in ihren personenbezogenen Daten korrigieren, indem sie uns eine Anfrage schicken, die den Fehler glaubhaft macht. Um die Privatsph\u00e4re und die Sicherheit der Mitglieder zu sch\u00fctzen, werden wir angemessene Schritte unternehmen, um ihre Identit\u00e4t zu \u00fcberpr\u00fcfen, bevor wir Zugang gew\u00e4hren oder Korrekturen vornehmen.<\/div>\n\t\t\t\t\t\t\t<\/div>\n\t\t\t\t\t\t<\/div><div class=\"jet-accordion__item jet-toggle jet-toggle-move-up-effect \">\n\t\t\t\t\t\t\t<div id=\"jet-toggle-control-1508\" class=\"jet-toggle__control elementor-menu-anchor\" data-toggle=\"8\" role=\"button\" tabindex=\"0\" aria-controls=\"jet-toggle-content-1508\" aria-expanded=\"false\" data-template-id=\"false\">\n\t\t\t\t\t\t\t\t<div class=\"jet-toggle__label-text\">8. Das Gesetz zum Schutz der Videodaten von 1988<\/div>\t\t\t\t\t\t\t<\/div>\n\t\t\t\t\t\t\t<div id=\"jet-toggle-content-1508\" class=\"jet-toggle__content\" data-toggle=\"8\" role=\"region\" data-template-id=\"false\">\n\t\t\t\t\t\t\t\t<div class=\"jet-toggle__content-inner\">Das Unternehmen h\u00e4lt sich an den &#8220;Video Privacy Protection Act&#8221; von 1988.<\/div>\n\t\t\t\t\t\t\t<\/div>\n\t\t\t\t\t\t<\/div><div class=\"jet-accordion__item jet-toggle jet-toggle-move-up-effect \">\n\t\t\t\t\t\t\t<div id=\"jet-toggle-control-1509\" class=\"jet-toggle__control elementor-menu-anchor\" data-toggle=\"9\" role=\"button\" tabindex=\"0\" aria-controls=\"jet-toggle-content-1509\" aria-expanded=\"false\" data-template-id=\"false\">\n\t\t\t\t\t\t\t\t<div class=\"jet-toggle__label-text\">9. Datenschutz<\/div>\t\t\t\t\t\t\t<\/div>\n\t\t\t\t\t\t\t<div id=\"jet-toggle-content-1509\" class=\"jet-toggle__content\" data-toggle=\"9\" role=\"region\" data-template-id=\"false\">\n\t\t\t\t\t\t\t\t<div class=\"jet-toggle__content-inner\">Wir respektieren die Privatsph\u00e4re der Mitglieder. Die Nutzung der Plattform durch die Mitglieder unterliegt unserer Datenschutzrichtlinie.<\/div>\n\t\t\t\t\t\t\t<\/div>\n\t\t\t\t\t\t<\/div><div class=\"jet-accordion__item jet-toggle jet-toggle-move-up-effect \">\n\t\t\t\t\t\t\t<div id=\"jet-toggle-control-15010\" class=\"jet-toggle__control elementor-menu-anchor\" data-toggle=\"10\" role=\"button\" tabindex=\"0\" aria-controls=\"jet-toggle-content-15010\" aria-expanded=\"false\" data-template-id=\"false\">\n\t\t\t\t\t\t\t\t<div class=\"jet-toggle__label-text\">10. Wie Sie Ihr Konto k\u00fcndigen k\u00f6nnen<\/div>\t\t\t\t\t\t\t<\/div>\n\t\t\t\t\t\t\t<div id=\"jet-toggle-content-15010\" class=\"jet-toggle__content\" data-toggle=\"10\" role=\"region\" data-template-id=\"false\">\n\t\t\t\t\t\t\t\t<div class=\"jet-toggle__content-inner\">Mitglieder k\u00f6nnen ihr Konto \u00fcber den Men\u00fcpunkt &#8220;Konto l\u00f6schen&#8221; dauerhaft l\u00f6schen lassen.<\/div>\n\t\t\t\t\t\t\t<\/div>\n\t\t\t\t\t\t<\/div><div class=\"jet-accordion__item jet-toggle jet-toggle-move-up-effect \">\n\t\t\t\t\t\t\t<div id=\"jet-toggle-control-15011\" class=\"jet-toggle__control elementor-menu-anchor\" data-toggle=\"11\" role=\"button\" tabindex=\"0\" aria-controls=\"jet-toggle-content-15011\" aria-expanded=\"false\" data-template-id=\"false\">\n\t\t\t\t\t\t\t\t<div class=\"jet-toggle__label-text\">11. Wie Sie uns kontaktieren k\u00f6nnen<\/div>\t\t\t\t\t\t\t<\/div>\n\t\t\t\t\t\t\t<div id=\"jet-toggle-content-15011\" class=\"jet-toggle__content\" data-toggle=\"11\" role=\"region\" data-template-id=\"false\">\n\t\t\t\t\t\t\t\t<div class=\"jet-toggle__content-inner\">Bei anderen Fragen oder Bedenken bez\u00fcglich dieser Datenschutzrichtlinien sollten sich die Mitglieder \u00fcber die Kontaktinformationen auf der Seite Kontakt mit uns in Verbindung setzen.<\/div>\n\t\t\t\t\t\t\t<\/div>\n\t\t\t\t\t\t<\/div><div class=\"jet-accordion__item jet-toggle jet-toggle-move-up-effect \">\n\t\t\t\t\t\t\t<div id=\"jet-toggle-control-15012\" class=\"jet-toggle__control elementor-menu-anchor\" data-toggle=\"12\" role=\"button\" tabindex=\"0\" aria-controls=\"jet-toggle-content-15012\" aria-expanded=\"false\" data-template-id=\"false\">\n\t\t\t\t\t\t\t\t<div class=\"jet-toggle__label-text\">12. Nutzung von Diensten Dritter<\/div>\t\t\t\t\t\t\t<\/div>\n\t\t\t\t\t\t\t<div id=\"jet-toggle-content-15012\" class=\"jet-toggle__content\" data-toggle=\"12\" role=\"region\" data-template-id=\"false\">\n\t\t\t\t\t\t\t\t<div class=\"jet-toggle__content-inner\">Google-Analytik\r\n\r\nWir verwenden Google Analytics, um zu verstehen, wie unsere Website und unsere Tools genutzt werden, damit wir wissen, wie wir unsere Produkte zum Nutzen der Mitglieder verbessern k\u00f6nnen. Es verfolgt den Weg der Mitglieder durch die Website und sammelt anonyme Daten dar\u00fcber, woher das Mitglied kommt, welche Seiten es besucht und wie lange es auf der Website verweilt. Google speichert diese Daten zur Erstellung von Berichten, jedoch keine pers\u00f6nlichen Daten. Die IP-Adresse wird von Google erfasst und kann an einen Server in den Vereinigten Staaten \u00fcbertragen und dort gespeichert werden. Google kann diese Informationen benutzen, um die Nutzung der Website durch die Mitglieder auszuwerten, um Reports \u00fcber die Websiteaktivit\u00e4ten f\u00fcr uns zusammenzustellen und um weitere mit der Websitenutzung und der Internetnutzung verbundene Dienstleistungen zu erbringen. Auch wird Google diese Informationen gegebenenfalls an Dritte \u00fcbertragen, sofern dies gesetzlich vorgeschrieben oder soweit Dritte diese Daten im Auftrag von Google verarbeiten. Google wird die IP-Adressen nicht mit anderen von Google gespeicherten Daten in Verbindung bringen. Durch die Nutzung dieser Website erkl\u00e4ren sich die Mitglieder mit der Bearbeitung der \u00fcber sie erhobenen Daten durch Google in der zuvor beschriebenen Art und Weise und zu dem zuvor benannten Zweck einverstanden. Weitere Informationen zu den Datenschutzrichtlinien von Google finden Sie unter https:\/\/policies.google.com\/privacy.\r\nDie Google-Analytics-Dienste unterliegen den Google-Analytics-Nutzungsbedingungen, die unter https:\/\/marketingplatform.google.com\/about\/analytics\/terms\/us\/ abgerufen werden k\u00f6nnen.<\/div>\n\t\t\t\t\t\t\t<\/div>\n\t\t\t\t\t\t<\/div>\t\t\t<\/div>\n\t\t<\/div>\n\t\t\t\t\t\t<\/div>\n\t\t\t\t<\/div>\n\t\t\t\t\t<\/div>\n\t\t<\/div>\n\t\t\t\t\t<\/div>\n\t\t<\/section>\n\t\t\t\t<\/div>\n\t\t","protected":false},"excerpt":{"rendered":"<p>Wir sch\u00e4tzen Ihre Privatsph\u00e4re und das Vertrauen, das Sie in uns setzen. 1. Unser Bekenntnis zum Datenschutz Die Privatsph\u00e4re der Mitglieder ist uns wichtig. Um die Privatsph\u00e4re besser zu sch\u00fctzen, stellen wir diesen Hinweis zur Verf\u00fcgung, der unsere Online-Informationspraktiken und die Wahlm\u00f6glichkeiten der Mitglieder hinsichtlich der Art und Weise, wie ihre Daten erfasst und verwendet [&hellip;]<\/p>\n","protected":false},"author":1,"featured_media":14622,"parent":0,"menu_order":36,"comment_status":"closed","ping_status":"closed","template":"","meta":{"footnotes":""},"class_list":["post-14647","page","type-page","status-publish","has-post-thumbnail","hentry"],"_links":{"self":[{"href":"https:\/\/www.iranianfilmfestival.ch\/de\/wp-json\/wp\/v2\/pages\/14647","targetHints":{"allow":["GET"]}}],"collection":[{"href":"https:\/\/www.iranianfilmfestival.ch\/de\/wp-json\/wp\/v2\/pages"}],"about":[{"href":"https:\/\/www.iranianfilmfestival.ch\/de\/wp-json\/wp\/v2\/types\/page"}],"author":[{"embeddable":true,"href":"https:\/\/www.iranianfilmfestival.ch\/de\/wp-json\/wp\/v2\/users\/1"}],"replies":[{"embeddable":true,"href":"https:\/\/www.iranianfilmfestival.ch\/de\/wp-json\/wp\/v2\/comments?post=14647"}],"version-history":[{"count":4,"href":"https:\/\/www.iranianfilmfestival.ch\/de\/wp-json\/wp\/v2\/pages\/14647\/revisions"}],"predecessor-version":[{"id":16037,"href":"https:\/\/www.iranianfilmfestival.ch\/de\/wp-json\/wp\/v2\/pages\/14647\/revisions\/16037"}],"wp:featuredmedia":[{"embeddable":true,"href":"https:\/\/www.iranianfilmfestival.ch\/de\/wp-json\/wp\/v2\/media\/14622"}],"wp:attachment":[{"href":"https:\/\/www.iranianfilmfestival.ch\/de\/wp-json\/wp\/v2\/media?parent=14647"}],"curies":[{"name":"wp","href":"https:\/\/api.w.org\/{rel}","templated":true}]}}