{"id":17119,"date":"2024-03-04T22:46:22","date_gmt":"2024-03-04T20:46:22","guid":{"rendered":"https:\/\/www.iranianfilmfestival.ch\/verein\/"},"modified":"2024-08-18T20:31:53","modified_gmt":"2024-08-18T18:31:53","slug":"verein","status":"publish","type":"page","link":"https:\/\/www.iranianfilmfestival.ch\/de\/verein\/","title":{"rendered":"Verein"},"content":{"rendered":"\t\t<div data-elementor-type=\"wp-page\" data-elementor-id=\"17119\" class=\"elementor elementor-17119 elementor-17113\" data-elementor-post-type=\"page\">\n\t\t\t\t<div class=\"elementor-element elementor-element-b02e1f0 e-grid e-con-boxed e-con e-parent\" data-id=\"b02e1f0\" data-element_type=\"container\" data-e-type=\"container\" data-settings=\"{&quot;jet_parallax_layout_list&quot;:[]}\">\n\t\t\t\t\t<div class=\"e-con-inner\">\n\t\t<div class=\"elementor-element elementor-element-d5577ee e-flex e-con-boxed e-con e-child\" data-id=\"d5577ee\" data-element_type=\"container\" data-e-type=\"container\" data-settings=\"{&quot;jet_parallax_layout_list&quot;:[]}\">\n\t\t\t\t\t<div class=\"e-con-inner\">\n\t\t\t\t<div class=\"elementor-element elementor-element-a435aa0 elementor-widget elementor-widget-heading\" data-id=\"a435aa0\" data-element_type=\"widget\" data-e-type=\"widget\" data-widget_type=\"heading.default\">\n\t\t\t\t<div class=\"elementor-widget-container\">\n\t\t\t\t\t<h4 class=\"elementor-heading-title elementor-size-default\">Verein Swiss Art Film Festival<\/h4>\t\t\t\t<\/div>\n\t\t\t\t<\/div>\n\t\t\t\t<div class=\"elementor-element elementor-element-9b88d62 elementor-widget elementor-widget-image\" data-id=\"9b88d62\" data-element_type=\"widget\" data-e-type=\"widget\" data-widget_type=\"image.default\">\n\t\t\t\t<div class=\"elementor-widget-container\">\n\t\t\t\t\t\t\t\t\t\t\t\t\t\t\t<img decoding=\"async\" width=\"1\" height=\"1\" src=\"https:\/\/www.iranianfilmfestival.ch\/wp-content\/uploads\/2024\/03\/SAFF__Logo-01.svg\" class=\"attachment-medium size-medium wp-image-17115\" alt=\"\" \/>\t\t\t\t\t\t\t\t\t\t\t\t\t\t\t<\/div>\n\t\t\t\t<\/div>\n\t\t\t\t\t<\/div>\n\t\t\t\t<\/div>\n\t\t\t\t<div class=\"elementor-element elementor-element-1948a10 elementor-widget elementor-widget-text-editor\" data-id=\"1948a10\" data-element_type=\"widget\" data-e-type=\"widget\" data-widget_type=\"text-editor.default\">\n\t\t\t\t<div class=\"elementor-widget-container\">\n\t\t\t\t\t\t\t\t\tDas Iranische Filmfestival Z\u00fcrich (IFFZ) wird seit 2015 vom Verein Swiss Art Film Festival organisiert.\r\n\r\nDer Verein besteht aus einer kleinen Gruppe von Filmliebhabenden in Z\u00fcrich, welche zum Ziel haben, iranischen Film und Kultur mit einem Schweizer Publikum zu teilen.\r\n\r\nJedes Jahr pr\u00e4sentiert das Festival dem Schweizer Publikum eine Auswahl der besten zeitgen\u00f6ssischen Spiel- und Dokumentarfilme aus allen Generationen iranischer Filmschaffenden und vermittelt somit eine diverse, beliebte und k\u00fcnstlerisch hochqualitative S\u00e4ule der Z\u00fcrcher Kinolandschaft.\r\n\r\nMitglieder des Vereins arbeiten auf freiwilliger Basis, um das Iranische Filmfestival Z\u00fcrich zu organisieren.\t\t\t\t\t\t\t\t<\/div>\n\t\t\t\t<\/div>\n\t\t\t\t\t<\/div>\n\t\t\t\t<\/div>\n\t\t\t\t<\/div>\n\t\t","protected":false},"excerpt":{"rendered":"<p>Verein Swiss Art Film Festival Das Iranische Filmfestival Z\u00fcrich (IFFZ) wird seit 2015 vom Verein Swiss Art Film Festival organisiert. Der Verein besteht aus einer kleinen Gruppe von Filmliebhabenden in Z\u00fcrich, welche zum Ziel haben, iranischen Film und Kultur mit einem Schweizer Publikum zu teilen. Jedes Jahr pr\u00e4sentiert das Festival dem Schweizer Publikum eine Auswahl [&hellip;]<\/p>\n","protected":false},"author":1,"featured_media":17831,"parent":0,"menu_order":23,"comment_status":"closed","ping_status":"closed","template":"","meta":{"footnotes":""},"class_list":["post-17119","page","type-page","status-publish","has-post-thumbnail","hentry"],"_links":{"self":[{"href":"https:\/\/www.iranianfilmfestival.ch\/de\/wp-json\/wp\/v2\/pages\/17119","targetHints":{"allow":["GET"]}}],"collection":[{"href":"https:\/\/www.iranianfilmfestival.ch\/de\/wp-json\/wp\/v2\/pages"}],"about":[{"href":"https:\/\/www.iranianfilmfestival.ch\/de\/wp-json\/wp\/v2\/types\/page"}],"author":[{"embeddable":true,"href":"https:\/\/www.iranianfilmfestival.ch\/de\/wp-json\/wp\/v2\/users\/1"}],"replies":[{"embeddable":true,"href":"https:\/\/www.iranianfilmfestival.ch\/de\/wp-json\/wp\/v2\/comments?post=17119"}],"version-history":[{"count":7,"href":"https:\/\/www.iranianfilmfestival.ch\/de\/wp-json\/wp\/v2\/pages\/17119\/revisions"}],"predecessor-version":[{"id":18639,"href":"https:\/\/www.iranianfilmfestival.ch\/de\/wp-json\/wp\/v2\/pages\/17119\/revisions\/18639"}],"wp:featuredmedia":[{"embeddable":true,"href":"https:\/\/www.iranianfilmfestival.ch\/de\/wp-json\/wp\/v2\/media\/17831"}],"wp:attachment":[{"href":"https:\/\/www.iranianfilmfestival.ch\/de\/wp-json\/wp\/v2\/media?parent=17119"}],"curies":[{"name":"wp","href":"https:\/\/api.w.org\/{rel}","templated":true}]}}